{"id":704,"date":"2025-08-22T05:12:24","date_gmt":"2025-08-22T05:12:24","guid":{"rendered":"https:\/\/www.niedergailbach.com\/?page_id=704"},"modified":"2025-08-22T08:28:48","modified_gmt":"2025-08-22T08:28:48","slug":"musikverein-niedergailbach-e-v","status":"publish","type":"page","link":"https:\/\/www.niedergailbach.com\/?page_id=704","title":{"rendered":"Musikverein Niedergailbach e.V."},"content":{"rendered":"<ol>\n<li>Vorsitzender:\u00a0 \u00a0 J\u00fcrgen Mattheis<\/li>\n<li>Vorsitzender:\u00a0 \u00a0 Dr. Erik Rauch<\/li>\n<\/ol>\n<p>Gr\u00fcndungsjahr:\u00a0 \u00a0 1922<\/p>\n<p>1922 wurde die Musikkapelle Niedergailbach mit sieben Musikern, als Sparte des 1921 gegr\u00fcndeten M\u00e4nnergesangsvereins, gegr\u00fcndet.<\/p>\n<p>Gr\u00fcndungsmitglieder: Werner Agne, Friedrich Buchheit, Richard Wilbert, Robert<br \/>\nRebmann, Nikolaus Rebmann, Matthias Rebmann und Alfons Wilbert.<\/p>\n<p>Im Jahr 2022 feierte der Verein sein 100-j\u00e4hriges Bestehen. Anl\u00e4sslich dieses Ereignisses ein paar Fakten:<\/p>\n<p>100 Jahre Musikkapelle Niedergailbach e.V. 1922 &#8211; 2022<\/p>\n<p>Im Jahr 2022 feierte die Musikkapelle Niedergailbach ihr 100-j\u00e4hriges Bestehen.<\/p>\n<p>&#8222;Ganz sch\u00f6n alt geworden und dabei trotzdem jung geblieben&#8220; diesen Slogan h\u00f6rt man sehr<br \/>\nh\u00e4ufig bei Jubil\u00e4en, trifft aber absolut zu.<br \/>\nDenn seit nunmehr \u00fcber 100 Jahren bereichert die Musikkapelle Niedergailbach unser<br \/>\nDorfleben.<\/p>\n<p>Gerne nehmen wir dies Jubil\u00e4um zum Anlass um uns bei allen Freunden, Unterst\u00fctzer und<br \/>\nehemaligen Musiker und Mitgliedern f\u00fcr ihre Dienste zu bedanken.<\/p>\n<p>Um den nach dem I Weltkrieg neu gebauten Saal der Gastwirtschaft Wilbert musikalisch<br \/>\nattraktiver zu gestalten, spielten die S\u00f6hne von Gastwirt Otto Wilbert, (wahrscheinlich)<br \/>\nunterst\u00fctzt durch weitere Musiker aus dem Ort, gelegentlich zur Tanzmusik auf und sorgten<br \/>\nsomit f\u00fcr ausgelassene Stimmung im Saal.<\/p>\n<p>Beruhend auf diesen ersten (Blas-) musikalischen Veranstaltungen im Ort, wurde auf Initiative<br \/>\ndes Bauunternehmers Friedrich Buchheit 1922 die Musikkapelle Niedergailbach mit sieben<br \/>\nMusikern, als Sparte des 1921 gegr\u00fcndeten M\u00e4nnergesangsvereins, gegr\u00fcndet.<br \/>\nZu den ersten Mitgliedern z\u00e4hlten: Werner Agne, Friedrich Buchheit, Richard Wilbert, Robert<br \/>\nRebmann, Nikolaus Rebmann, Matthias Rebmann und Alfons Wilbert.<br \/>\nJosef Z\u00e4h, der sp\u00e4tere 1. Vorsitzender, trat im Jahr 1926 der Kapelle bei.<\/p>\n<p>Nach dem II Weltkrieg, im Jahr 1956, wiederum auf Initiative von Friedrich Buchheit, gelang<br \/>\ndie Wiedergr\u00fcndung der Musikkapelle.<br \/>\nDie Musiker Fritz Buchheit, Gustav Buchheit, Otwin Rebmann, Eduard Rebmann, Siegfried<br \/>\nRebmann, Robert Reich, Alfred Wilbert und Erwin Rauch liesen die Musikkapelle wieder im<br \/>\nOrt aktiv werden.<\/p>\n<p>Nach einigen \u00dcbungsstunden erfolgte, anl\u00e4sslich der Einweihung des neuen Ehrenmals in<br \/>\nNiedergailbach, im Jahr 1958, der erste \u00f6ffentliche Auftritt. Viele weitere folgten und die<br \/>\nMusikkapelle wurde fester Bestandteil des kirchlichen als auch des weltlichen Lebens in<br \/>\nNiedergailbach.<\/p>\n<p>Die Gr\u00fcndungsmitglieder Alfons Wilbert und Matthias Rebmann, wurden erst sp\u00e4ter wieder<br \/>\naktiv. So war es auch Matthias Rebmann (de Matz), der die Leitung der Kapelle von 1960 &#8211;<br \/>\n1981 in den H\u00e4nden hatte und entsprechend die Kapelle pr\u00e4gte. Es folgen Martin Vogelgesang<br \/>\nund Christian Maurer auf musikalischer sowie Heinrich Anna, Siegfried Rebmann und J\u00fcrgen<br \/>\nMatheis auf organisatorischer Seite.<\/p>\n<p>1987, im Rahmen anl\u00e4sslich des 65-j\u00e4hrigen Bestehens konnten die damals noch lebenden<br \/>\nGr\u00fcndungsmitglieder Alfons und Richard Wilbert sowie Josef Z\u00e4h, im Rahmen eines Festaktes<br \/>\nan der Lehmkaulh\u00fctte, f\u00fcr ihre Verdienste geehrt werden.<\/p>\n<p>Mitte der 1990 Jahre musste die aktive T\u00e4tigkeit der Musikkapelle, aufgrund des<br \/>\ndemographischen Wandels, leider eingestellt werden.<br \/>\nIm Rahmen des goldenen Jubil\u00e4ums der Zeltkirb im Jahr 2017 gab es jedoch erneut eine<br \/>\nWiederbelebung der musikalischen Aktivit\u00e4ten.<br \/>\nDie schon Mitte der 1990 er Jahre aktiven Musiker der damals &#8222;j\u00fcngeren Generation&#8220; wie<br \/>\nHeiko Rebmann, Oliver Konz, Eric Rauch, Oli Sep\u00e4ll\u00e4 und J\u00fcrgen Matheis fanden, dass es<br \/>\nanl\u00e4sslich des 50. Zeltkirb-Jubil\u00e4ums auch an der Zeit ist, die Tradition der &#8222;Kerwemusik&#8220; in<br \/>\nNiedergailbach wieder zu beleben. Unterst\u00fczt wurden Sie hierbei von Marc Laubscher, Philipp<br \/>\nMaurer sowie Charlotte und Klaus Anna.<\/p>\n<p>In 2024, sieben Jahre nach erfolgreichem Start, sind wir immer noch aktiv und bereichern<br \/>\neinige Veranstaltungen (St. Martin, Kirmes, div. St\u00e4ndchen&#8230;) im Ort und in Nachbarorten mit<br \/>\nunserer Blasmusik.<br \/>\n\u00dcber Zuwachs freuen wir uns selbstverst\u00e4ndlich. Bei Interesse an Blasmusik, meldet euch<br \/>\neinfach bei uns.<\/p>\n<p>Mit musikalischen Gr\u00fcssen und den Besten w\u00fcnschen f\u00fcr das Jahr 2025 eure Musikkapelle<br \/>\nNiedergailbach.<br \/>\nHeiko Rebmann, Oliver Konz, Eric Rauch, Oli Sep\u00e4ll\u00e4, Mark Laubscher, Philipp Maurer<br \/>\nJoachim Foltin und J\u00fcrgen Matheis.<\/p>\n<p>Dieser Artikel entstand mit Unterst\u00fctzung von Alfred Wilbert und Otmar Gros sowie mit<br \/>\nInformationen aus dem Bericht der SZ aus 1987 anl\u00e4sslich des 65. Jubil\u00e4ums.<br \/>\nDaf\u00fcr vielen Dank.<\/p>\n<p><a href=\"https:\/\/www.niedergailbach.com\/wp-content\/uploads\/2025\/08\/100-Jahre-Musikkapelle-Niedegailbach-1922_250822_091137.pdf\">100 Jahre Musikkapelle Niedegailbach 1922_250822_091137<\/a><\/p>\n","protected":false},"excerpt":{"rendered":"<p>Vorsitzender:\u00a0 \u00a0 J\u00fcrgen Mattheis Vorsitzender:\u00a0 \u00a0 Dr. Erik Rauch Gr\u00fcndungsjahr:\u00a0 \u00a0 1922 1922 wurde die Musikkapelle Niedergailbach mit sieben Musikern,<\/p>\n","protected":false},"author":1,"featured_media":0,"parent":0,"menu_order":0,"comment_status":"closed","ping_status":"closed","template":"","meta":{"footnotes":""},"class_list":["post-704","page","type-page","status-publish","hentry"],"_links":{"self":[{"href":"https:\/\/www.niedergailbach.com\/index.php?rest_route=\/wp\/v2\/pages\/704","targetHints":{"allow":["GET"]}}],"collection":[{"href":"https:\/\/www.niedergailbach.com\/index.php?rest_route=\/wp\/v2\/pages"}],"about":[{"href":"https:\/\/www.niedergailbach.com\/index.php?rest_route=\/wp\/v2\/types\/page"}],"author":[{"embeddable":true,"href":"https:\/\/www.niedergailbach.com\/index.php?rest_route=\/wp\/v2\/users\/1"}],"replies":[{"embeddable":true,"href":"https:\/\/www.niedergailbach.com\/index.php?rest_route=%2Fwp%2Fv2%2Fcomments&post=704"}],"version-history":[{"count":5,"href":"https:\/\/www.niedergailbach.com\/index.php?rest_route=\/wp\/v2\/pages\/704\/revisions"}],"predecessor-version":[{"id":711,"href":"https:\/\/www.niedergailbach.com\/index.php?rest_route=\/wp\/v2\/pages\/704\/revisions\/711"}],"wp:attachment":[{"href":"https:\/\/www.niedergailbach.com\/index.php?rest_route=%2Fwp%2Fv2%2Fmedia&parent=704"}],"curies":[{"name":"wp","href":"https:\/\/api.w.org\/{rel}","templated":true}]}}