{"id":284,"date":"2025-04-25T14:18:01","date_gmt":"2025-04-25T14:18:01","guid":{"rendered":"https:\/\/web270.webbox555.server-home.org\/wordpress\/?page_id=284"},"modified":"2025-05-04T13:55:44","modified_gmt":"2025-05-04T13:55:44","slug":"buergerschaftliche-aktivitaeten","status":"publish","type":"page","link":"https:\/\/www.niedergailbach.com\/?page_id=284","title":{"rendered":"B\u00fcrgerschaftliche Aktivit\u00e4ten"},"content":{"rendered":"<p>B\u00fcrgerschaftliche Aktivit\u00e4ten<\/p>\n<p>Niedergailbach zeichnet sich bei den b\u00fcrgerschaftlichen Aktivit\u00e4ten \u00fcberdurchschnittlich aus. Ein &#8222;Markenzeichen&#8220; des Ortes ist zweifelsohne der ausgepr\u00e4gte Gemeinschaftssinn und -geist. Dem d\u00f6rflichen Gemeinschaftsleben, das weitgehend von den 16 Vereinen und Verb\u00e4nden bestritten wird, kommt eine gro\u00dfe Bedeutung zu. Dies erm\u00f6glicht auch den Neub\u00fcrgern, sich verh\u00e4ltnism\u00e4\u00dfig rasch in die Dorfgemeinschaft zu integrieren.<\/p>\n<p>Die intakte Dorfgemeinschaft und die vielf\u00e4ltigen Gemeinschaftsarbeiten waren auch entscheidend f\u00fcr das gute Abschneiden des Ortes bei den bisherigen Wettbewerben &#8222;Unser Dorf soll sch\u00f6ner werden &#8211; Unser Dorf hat Zukunft&#8220;. So kann auch festgestellt werden, dass sich die gesamte Bev\u00f6lkerung mit dem Wettbewerb identifiziert. In Gemeinschaftsaktionen werden Gr\u00fcnanlagen neu angelegt etc. umgestaltet, Hochgr\u00fcn angepflanzt, Pflegearbeiten in den gemeindlichen Anlagen \u00fcbernommen etc. 19 Gr\u00fcnpaten pflegen zur Entlastung des Gemeindebauhofes s\u00e4mtliche Blumen- und Gr\u00fcnanlagen innerhalb des Ortes. Erhebliche finanzielle Mittel aber auch viele freiwillige Arbeitsstunden brachte die Dorfgemeinschaft auf, damit folgende Projekte realisiert werden konnten: Gemeinschaftshalle, Friedhofshalle, Umgestaltung der Friedhofswege, Friedhofskreuz, Blockh\u00fctte mit Grillplatz etc.<\/p>\n<p>Die positive Entwicklung des Dorfes ist keineswegs ein Alleingang der Politik, viele B\u00fcrger haben an der Gestaltung ihrer unmittelbaren Umgebung mitgearbeitet.<\/p>\n","protected":false},"excerpt":{"rendered":"<p>B\u00fcrgerschaftliche Aktivit\u00e4ten Niedergailbach zeichnet sich bei den b\u00fcrgerschaftlichen Aktivit\u00e4ten \u00fcberdurchschnittlich aus. Ein &#8222;Markenzeichen&#8220; des Ortes ist zweifelsohne der ausgepr\u00e4gte Gemeinschaftssinn<\/p>\n","protected":false},"author":1,"featured_media":0,"parent":2,"menu_order":0,"comment_status":"closed","ping_status":"closed","template":"","meta":{"footnotes":""},"class_list":["post-284","page","type-page","status-publish","hentry"],"_links":{"self":[{"href":"https:\/\/www.niedergailbach.com\/index.php?rest_route=\/wp\/v2\/pages\/284","targetHints":{"allow":["GET"]}}],"collection":[{"href":"https:\/\/www.niedergailbach.com\/index.php?rest_route=\/wp\/v2\/pages"}],"about":[{"href":"https:\/\/www.niedergailbach.com\/index.php?rest_route=\/wp\/v2\/types\/page"}],"author":[{"embeddable":true,"href":"https:\/\/www.niedergailbach.com\/index.php?rest_route=\/wp\/v2\/users\/1"}],"replies":[{"embeddable":true,"href":"https:\/\/www.niedergailbach.com\/index.php?rest_route=%2Fwp%2Fv2%2Fcomments&post=284"}],"version-history":[{"count":3,"href":"https:\/\/www.niedergailbach.com\/index.php?rest_route=\/wp\/v2\/pages\/284\/revisions"}],"predecessor-version":[{"id":405,"href":"https:\/\/www.niedergailbach.com\/index.php?rest_route=\/wp\/v2\/pages\/284\/revisions\/405"}],"up":[{"embeddable":true,"href":"https:\/\/www.niedergailbach.com\/index.php?rest_route=\/wp\/v2\/pages\/2"}],"wp:attachment":[{"href":"https:\/\/www.niedergailbach.com\/index.php?rest_route=%2Fwp%2Fv2%2Fmedia&parent=284"}],"curies":[{"name":"wp","href":"https:\/\/api.w.org\/{rel}","templated":true}]}}