{"id":280,"date":"2025-04-25T14:17:35","date_gmt":"2025-04-25T14:17:35","guid":{"rendered":"https:\/\/web270.webbox555.server-home.org\/wordpress\/?page_id=280"},"modified":"2025-06-24T18:31:26","modified_gmt":"2025-06-24T18:31:26","slug":"brauchtumspflege","status":"publish","type":"page","link":"https:\/\/www.niedergailbach.com\/?page_id=280","title":{"rendered":"Brauchtumspflege"},"content":{"rendered":"<p>Brauchtumspflege<\/p>\n<p><strong>Kirmes<\/strong><br \/>\nDas &#8222;h\u00f6chste Fest&#8220; im Jahreskreis ist die traditionelle &#8222;G\u00e4lbacher Zeltkirb&#8220;, die am zweitletzten Augustwochenende mit Strau\u00dfbuwe\/-m\u00e4de, Kirwestrau\u00df und Kirweredd z\u00fcnftig gefeiert wird. Seit nun schon mehr als 50 Jahren veranstaltet die Arbeitsgemeinschaft der Ortsvereine und jetzt der Heimat- und Kulturverein die &#8222;Kirb&#8220; im Festzelt. Lediglich die Corona-Pandemie sorgte f\u00fcr eine kurze Unterbrechung.<\/p>\n<p><strong>Sebastianusfest und Gel\u00f6bnisprozession<\/strong><br \/>\nSeit 1814 verehren die Niedergailbacher den Hl. Sebastian als &#8222;Pestpatron&#8220;. Allj\u00e4hrlich an dessen Festtag am 20. Januar, erf\u00fcllen die Niedergailbacher Katholiken ein von ihren Vorfahren abgelegtes Gel\u00f6bnis. Als im Jahre 1814 der damals 350 Einwohner z\u00e4hlende Ort von der sogenannten &#8222;Hitzigen Krankheit&#8220; heimgesucht wurde und viele Niedergailbacher starben, legten die Dorfbewohner dieses Gel\u00f6bnis ab. Die bei diesem Gel\u00f6bnis eingerichtete Lichterprozession zur Marienkapelle wird seit 1914 allj\u00e4hrlich am letzten Sonntag im Mai (bis 1913 am Sonntag nach dem Sebastianustag) durchgef\u00fchrt.<\/p>\n<p><strong>Klepperbuwe<\/strong><br \/>\nAm Karfreitag und Karsamstag, wenn die Glocken verstummen, ziehen die Messdiener\/innen von alters her mit ihren Kleppern durch den Ort und k\u00fcndigen das Morgen-, Mittag- und Abendgebet sowie die Gottesdienste an.<\/p>\n<p><strong>Dreik\u00f6nigssingen<\/strong><br \/>\nSeit 31 Jahren gehen die Messdiener\/innen am Festtag der Erscheinung des Herrn, 6. Januar, als Caspar, Melchior und Balthasar von Haus zu Haus und w\u00fcnschen allen Hausbewohnern Gl\u00fcck f\u00fcr das Neue Jahr. Dabei bitten sie um Spenden f\u00fcr Kinder und Jugendliche in den Entwicklungsl\u00e4ndern.<\/p>\n<p><strong>Martinsumzug<\/strong><br \/>\nAm Vorabend des Martinstages findet unter gro\u00dfer Beteiligung der Kinder und Eltern ein Wortgottesdienst mit anschlie\u00dfendem Laternenumzug, mit Martinsspiel sowie Austeilung der Martinsbrezel statt.<\/p>\n<p><strong>Fronleichnam und Pfarrfest<\/strong><br \/>\nNach der Fronleichnamsprozession, die mit einem franz\u00f6sischen Pfarrer gefeiert wird, l\u00e4dt die Kirchengemeinde zum Pfarrfest auf dem Schulhof ein.<\/p>\n<p><strong>Erntedank<\/strong><br \/>\nMit einem festlichen Gottesdienst wird in der vom Obst- und Gartenbauverein mit Feld- und Gartenfr\u00fcchten geschm\u00fcckten Pfarrkirche allj\u00e4hrlich am ersten Oktobersonntag das Erntedankfest gefeiert. Im Anschluss an den Gottesdienst werden die Garten- und Felderzeugnisse an die Kirchenbesucher verteilt. Seit dem Jahr 2023 l\u00e4dt der wiederbelebte Obst- und Gartenbauverein zu einem Erntedankfest in die Gemeinschaftshalle ein.<\/p>\n<p><strong>Nikolausfeier<\/strong><br \/>\nUnter gro\u00dfer Beteiligung der Kinder veranstaltet die Pfarrgemeinde gemeinsam mit dem Kindergarten allj\u00e4hrlich am Vorabend des Nikolaustages in der Pfarrkirche eine Nikolausfeier.<\/p>\n","protected":false},"excerpt":{"rendered":"<p>Brauchtumspflege Kirmes Das &#8222;h\u00f6chste Fest&#8220; im Jahreskreis ist die traditionelle &#8222;G\u00e4lbacher Zeltkirb&#8220;, die am zweitletzten Augustwochenende mit Strau\u00dfbuwe\/-m\u00e4de, Kirwestrau\u00df und<\/p>\n","protected":false},"author":1,"featured_media":0,"parent":2,"menu_order":0,"comment_status":"closed","ping_status":"closed","template":"","meta":{"footnotes":""},"class_list":["post-280","page","type-page","status-publish","hentry"],"_links":{"self":[{"href":"https:\/\/www.niedergailbach.com\/index.php?rest_route=\/wp\/v2\/pages\/280","targetHints":{"allow":["GET"]}}],"collection":[{"href":"https:\/\/www.niedergailbach.com\/index.php?rest_route=\/wp\/v2\/pages"}],"about":[{"href":"https:\/\/www.niedergailbach.com\/index.php?rest_route=\/wp\/v2\/types\/page"}],"author":[{"embeddable":true,"href":"https:\/\/www.niedergailbach.com\/index.php?rest_route=\/wp\/v2\/users\/1"}],"replies":[{"embeddable":true,"href":"https:\/\/www.niedergailbach.com\/index.php?rest_route=%2Fwp%2Fv2%2Fcomments&post=280"}],"version-history":[{"count":5,"href":"https:\/\/www.niedergailbach.com\/index.php?rest_route=\/wp\/v2\/pages\/280\/revisions"}],"predecessor-version":[{"id":595,"href":"https:\/\/www.niedergailbach.com\/index.php?rest_route=\/wp\/v2\/pages\/280\/revisions\/595"}],"up":[{"embeddable":true,"href":"https:\/\/www.niedergailbach.com\/index.php?rest_route=\/wp\/v2\/pages\/2"}],"wp:attachment":[{"href":"https:\/\/www.niedergailbach.com\/index.php?rest_route=%2Fwp%2Fv2%2Fmedia&parent=280"}],"curies":[{"name":"wp","href":"https:\/\/api.w.org\/{rel}","templated":true}]}}